{"id":6946,"date":"2025-04-22T10:23:26","date_gmt":"2025-04-22T08:23:26","guid":{"rendered":"https:\/\/flo.eu.com\/politica-de-confidentialitate\/"},"modified":"2025-04-22T10:23:31","modified_gmt":"2025-04-22T08:23:31","slug":"politica-de-confidentialitate","status":"publish","type":"page","link":"https:\/\/flo.eu.com\/ro\/politica-de-confidentialitate\/","title":{"rendered":"Politica de confiden\u021bialitate"},"content":{"rendered":"<div class=\"fusion-fullwidth fullwidth-box fusion-builder-row-1 fusion-flex-container nonhundred-percent-fullwidth non-hundred-percent-height-scrolling\" style=\"--awb-background-position:left center;--awb-border-radius-top-left:0px;--awb-border-radius-top-right:0px;--awb-border-radius-bottom-right:0px;--awb-border-radius-bottom-left:0px;--awb-flex-wrap:wrap;\" ><div class=\"fusion-builder-row fusion-row fusion-flex-align-items-flex-start fusion-flex-content-wrap\" style=\"max-width:1144px;margin-left: calc(-4% \/ 2 );margin-right: calc(-4% \/ 2 );\"><div class=\"fusion-layout-column fusion_builder_column fusion-builder-column-0 fusion_builder_column_1_1 1_1 fusion-flex-column\" style=\"--awb-padding-right:3%;--awb-padding-left:3%;--awb-bg-color:#ffffff;--awb-bg-color-hover:#ffffff;--awb-bg-size:cover;--awb-width-large:100%;--awb-margin-top-large:0px;--awb-spacing-right-large:1.92%;--awb-margin-bottom-large:20px;--awb-spacing-left-large:1.92%;--awb-width-medium:100%;--awb-spacing-right-medium:1.92%;--awb-spacing-left-medium:1.92%;--awb-width-small:100%;--awb-spacing-right-small:1.92%;--awb-spacing-left-small:1.92%;\"><div class=\"fusion-column-wrapper fusion-flex-justify-content-flex-start fusion-content-layout-column\"><div class=\"fusion-title title fusion-title-1 fusion-no-small-visibility fusion-sep-none fusion-title-text fusion-title-size-one\"><h1 class=\"fusion-title-heading title-heading-left\" style=\"margin:0;\">Politica de confiden\u021bialitate<\/h1><\/div><div class=\"fusion-title title fusion-title-2 fusion-no-medium-visibility fusion-no-large-visibility fusion-sep-none fusion-title-text fusion-title-size-one\" style=\"--awb-font-size:26px;\"><h1 class=\"fusion-title-heading title-heading-left\" style=\"margin:0;font-size:1em;\">Politica de confiden\u021bialitate<\/h1><\/div><div class=\"fusion-text fusion-text-1\"><p><strong>I. Site-ul web<\/strong><br \/>Aceast\u0103 politic\u0103 de confiden\u021bialitate se aplic\u0103 site-ului web sub domeniul flo.eu.com<br \/><strong>II. Operator de date cu caracter personal <\/strong><br \/>Administratorul datelor cu caracter personal este PCC Consumer Products Kosmet Sp. z o. o., cu sediul social \u00een ul. Sienkiewicza 4, 56-120 Brzeg Dolny, \u00eenscris\u0103 \u00een registrul \u00eentreprinz\u0103torilor din Registrul Judiciar Na\u021bional \u021binut de Tribunalul Districtual din Wroc\u0142aw, Divizia IX Economic\u0103 a Registrului Judiciar Na\u021bional, sub num\u0103rul KRS 0000002277, cu un capital social de 76.832.800,00 PLN, NIP 917-11-54-737, REGON 930850566.<br \/>. Ne pute\u021bi contacta cu privire la datele dumneavoastr\u0103 cu caracter personal prin e-mail:    &nbsp;odo.kosmet@pcc.eu<br \/>Operatorul declar\u0103 c\u0103 acord\u0103 o aten\u021bie deosebit\u0103 protej\u0103rii intereselor persoanelor vizate \u0219i se asigur\u0103 \u00een special c\u0103:<\/p>\n<ul>\n<li>prelucreaz\u0103 datele cu caracter personal \u00een mod legal, corect \u0219i transparent;<\/li>\n<li>colecteaz\u0103 datele cu caracter personal \u00een scopuri specifice, explicite \u0219i legitime \u0219i nu le prelucreaz\u0103 ulterior \u00eentr-un mod incompatibil cu aceste scopuri;<\/li>\n<li>Datele cu caracter personal sunt adecvate, relevante \u0219i limitate la ceea ce este necesar pentru scopurile pentru care sunt prelucrate;<\/li>\n<li>Datele cu caracter personal sunt corecte \u0219i actualizate dup\u0103 caz;<\/li>\n<li>p\u0103streaz\u0103 datele cu caracter personal \u00eentr-o form\u0103 care permite identificarea persoanei vizate pentru o perioad\u0103 care nu dep\u0103\u0219e\u0219te perioada necesar\u0103 pentru scopurile \u00een care acestea sunt prelucrate;<\/li>\n<li>prelucreaz\u0103 datele cu caracter personal \u00eentr-un mod care s\u0103 asigure securitatea corespunz\u0103toare, inclusiv protec\u021bia \u00eempotriva prelucr\u0103rii neautorizate sau ilegale \u0219i \u00eempotriva pierderii, distrugerii sau deterior\u0103rii accidentale, prin intermediul unor m\u0103suri tehnice sau organizatorice adecvate<\/li>\n<\/ul>\n<p><strong>III. Scopul prelucr\u0103rii <\/strong><br \/>Datele cu caracter personal pot fi prelucrate de Administrator, printre altele, pentru:<\/p>\n<ul>\n<li>comunicare \u0219i pentru a r\u0103spunde la mesajul dumneavoastr\u0103. Baza pentru prelucrarea datelor dvs. cu caracter personal este interesul legitim al operatorului sau al unei p\u0103r\u021bi ter\u021be, de exemplu: contactarea dvs. \u00eenapoi, marketingul sau partenerii no\u0219tri, inclusiv <a href=\"https:\/\/www.pcc.eu\/pl\/pcc-na-swiecie\/\">Grupul PCC <\/a> <\/li>\n<li>\u00eencheierea \u0219i executarea unui contract de servicii sau a unui contract de v\u00e2nzare &#8211; baza prelucr\u0103rii \u00een acest caz este necesitatea \u00eencheierii contractului;<\/li>\n<li>marketing direct al produselor \u0219i serviciilor administratorului \u0219i ale entit\u0103\u021bilor grupului PCC &#8211; p\u00e2n\u0103 c\u00e2nd v\u0103 opune\u021bi prelucr\u0103rii datelor dvs. \u00een acest scop sau v\u0103 retrage\u021bi consim\u021b\u0103m\u00e2ntul &#8211; baza prelucr\u0103rii \u00een acest caz este \u00eendeplinirea intereselor legitime ale administratorului sau ale unei p\u0103r\u021bi ter\u021be sau consim\u021b\u0103m\u00e2ntul;<\/li>\n<li>pentru a respecta obliga\u021biile legale ale administratorului (de exemplu, fiscale, contabile, de tratare a pl\u00e2ngerilor) &#8211; pe durata acestor obliga\u021bii sau pe perioada necesar\u0103 pentru a demonstra respectarea acestor obliga\u021bii autorit\u0103\u021bilor abilitate s\u0103 controleze \u00een aceast\u0103 privin\u021b\u0103 &#8211; baza prelucr\u0103rii este o obliga\u021bie legal\u0103 care revine administratorului;<\/li>\n<li>stabilirea, ap\u0103rarea \u0219i revendicarea crean\u021belor &#8211; pentru perioada dup\u0103 care crean\u021bele (de exemplu, cele care decurg din contracte) se prescriu sau pentru durata unei eventuale proceduri &#8211; temeiul prelucr\u0103rii \u00een acest caz este interesul legitim sau obliga\u021bia legal\u0103 care incumb\u0103 operatorului.<\/li>\n<\/ul>\n<p>Furnizarea datelor cu caracter personal este voluntar\u0103, dar poate fi necesar\u0103, de exemplu, pentru a \u00eencheia sau a executa un contract sau pentru a r\u0103spunde unei \u00eentreb\u0103ri pe care a\u021bi f\u0103cut-o sau \u00een scopul coresponden\u021bei.<br \/>Dac\u0103 prelucrarea datelor cu caracter personal se bazeaz\u0103 pe consim\u021b\u0103m\u00e2nt, ave\u021bi dreptul de a-l retrage \u00een orice moment, f\u0103r\u0103 a afecta legalitatea prelucr\u0103rii efectuate pe baza consim\u021b\u0103m\u00e2ntului \u00eenainte de retragerea acestuia<strong>.<\/strong><br \/><strong><br \/>IV. Destinatarii datelor cu caracter personal <\/strong><br \/>Datele cu caracter personal pot fi puse la dispozi\u021bia ter\u021bilor numai \u00een limitele legii, \u00een scopul \u0219i \u00een m\u0103sura necesar\u0103, inter alia, pentru executarea corespunz\u0103toare a contractului de v\u00e2nzare sau a contractului de servicii. <\/p>\n<ul>\n<li>Administratorul poate \u00eencredin\u021ba prelucrarea datelor cu caracter personal unor ter\u021bi pentru a desf\u0103\u0219ura activit\u0103\u021bi legate de desf\u0103\u0219urarea activit\u0103\u021bii sale, precum \u0219i \u00een scopuri legate de investigarea reclama\u021biilor sau de protec\u021bia \u00eempotriva reclama\u021biilor privind utilizarea serviciilor sau a produselor. Aceste entit\u0103\u021bi pot fi: <\/li>\n<li>consultan\u021b\u0103 extern\u0103 (inclusiv juridic\u0103, audit, fiscal\u0103, marketing \u0219i contabilitate);<\/li>\n<li>speciali\u0219ti IT externi;<\/li>\n<li>entit\u0103\u021bi care asist\u0103 administratorul \u00een gestionarea coresponden\u021bei;<\/li>\n<li>curieri &#8211; \u00een cazul coresponden\u021bei sau al livr\u0103rilor prin curier;<\/li>\n<li>operatori de pl\u0103\u021bi pe internet sau b\u0103nci &#8211; \u00een cazul decont\u0103rilor financiare;<\/li>\n<li>entit\u0103\u021bile care coopereaz\u0103 cu administratorul \u00een cadrul serviciilor de v\u00e2nzare;<\/li>\n<li>\u0219i alte entit\u0103\u021bi din grupul PCC care presteaz\u0103 unele dintre serviciile de mai sus pentru administrator.<\/li>\n<\/ul>\n<p><strong>V. Drepturile persoanelor vizate<\/strong><br \/>\u00cen orice caz, persoana vizat\u0103 are dreptul la:<\/p>\n<ul>\n<li>accesul la datele cu caracter personal (inclusiv, de exemplu, primirea de informa\u021bii privind prelucrarea datelor cu caracter personal),<\/li>\n<li>s\u0103 solicita\u021bi rectificarea \u0219i restric\u021bionarea prelucr\u0103rii datelor cu caracter personal (de exemplu, dac\u0103 sunt incorecte);<\/li>\n<li>\u0219tergerea datelor cu caracter personal (de exemplu, \u00een cazul \u00een care acestea au fost prelucrate ilegal);<\/li>\n<li>s\u0103 transfere datele cu caracter personal pe care le-a furnizat operatorului \u0219i care sunt prelucrate prin mijloace automate, iar prelucrarea se bazeaz\u0103 pe consim\u021b\u0103m\u00e2nt sau pe o baz\u0103 contractual\u0103, de exemplu, c\u0103tre un alt operator;<\/li>\n<li>s\u0103 v\u0103 opune\u021bi prelucr\u0103rii datelor cu caracter personal pe motiv c\u0103 aceasta este necesar\u0103 \u00een scopul intereselor legitime urm\u0103rite de operator sau de o parte ter\u021b\u0103, inclusiv, \u00een special, prelucrarea \u00een scopuri de marketing;<\/li>\n<li>s\u0103 depun\u0103 o pl\u00e2ngere la autoritatea competent\u0103 pentru protec\u021bia datelor cu caracter personal.<\/li>\n<\/ul>\n<p><strong>  VI. Cookie-uri <\/strong><br \/>Administratorul utilizeaz\u0103 module cookie (fi\u0219iere text de mici dimensiuni, denumite &#8222;module cookie&#8221;), care sunt stocate pe echipamentul terminal al utilizatorilor pentru a ob\u021bine date privind utilizarea site-ului de c\u0103tre utilizatori.<br \/>Modulele cookie permit, printre altele:<\/p>\n<ul>\n<li>men\u021binerea unei sesiuni a utilizatorului dup\u0103 autentificare, astfel \u00eenc\u00e2t s\u0103 nu fie necesar\u0103 o autentificare separat\u0103 pe fiecare subpagin\u0103 a site-ului;<\/li>\n<li>pentru a adapta con\u021binutul site-ului la nevoile \u0219i interesele utilizatorilor;<\/li>\n<li>compilarea de statistici privind vizitele pe site-ul web;<\/li>\n<li>crearea de sondaje online \u0219i securizarea acestora \u00eempotriva vot\u0103rii multiple de c\u0103tre acelea\u0219i persoane.<\/li>\n<\/ul>\n<p>Informa\u021biile ob\u021binute prin intermediul modulelor cookie includ, printre altele, numele furnizorului de servicii Internet, adresa IP a utilizatorilor, \u021bara de origine din care utilizatorii se conecteaz\u0103 la site-ul web.<br \/>Site-ul web utilizeaz\u0103 dou\u0103 tipuri principale de module cookie: module cookie &#8222;de sesiune&#8221; \u0219i module cookie &#8222;permanente&#8221; (module cookie persistente). Cookie-urile &#8222;de sesiune&#8221; sunt fi\u0219iere temporare care sunt stocate pe echipamentul terminal al utilizatorului p\u00e2n\u0103 c\u00e2nd acesta se deconecteaz\u0103, p\u0103r\u0103se\u0219te site-ul web sau \u00eenchide software-ul (browserul web). Cookie-urile &#8222;permanente&#8221; sunt stocate pe echipamentul terminal al utilizatorului pentru perioada specificat\u0103 \u00een parametrii cookie-urilor sau p\u00e2n\u0103 c\u00e2nd sunt \u0219terse de c\u0103tre utilizator.<br \/>\u00cen multe cazuri, software-ul de navigare pe internet (browserul web) permite implicit stocarea cookie-urilor pe echipamentul terminal al utilizatorului. Utilizatorul poate \u0219terge \u00een orice moment modulele cookie stocate pe echipamentul s\u0103u terminal sau poate bloca plasarea acestora \u00een set\u0103rile browserului s\u0103u web (de asemenea, pe telefonul s\u0103u mobil sau pe alt dispozitiv care permite accesul la internet). Mai multe informa\u021bii privind modulele cookie sunt disponibile \u00een sec\u021biunea &#8222;Ajutor&#8221; din meniul browserului web.<br \/>Administratorul informeaz\u0103 c\u0103 restric\u021biile privind utilizarea modulelor cookie pot afecta unele dintre func\u021bionalit\u0103\u021bile disponibile pe site.     <\/p>\n<p>Administratorul utilizeaz\u0103 un serviciu de la Google pe site-ul s\u0103u web:<\/p>\n<p>1 Google Analytics &#8211; un serviciu care permite colectarea de date pentru analiza statisticilor de vizitare a site-ului web. Informa\u021bii detaliate privind modul \u00een care Google Analytics prelucreaz\u0103 datele pot fi g\u0103site la adresa: <a href=\"https:\/\/support.google.com\/analytics\/answer\/6004245?hl=pl\">https:\/\/support.google.com\/analytics\/answer\/6004245?hl=pl.<\/a> Utilizatorul poate \u00eempiedica colectarea datelor sale prin instalarea unui add-on de browser care blocheaz\u0103 transmiterea de date c\u0103tre Google Analytics: <a href=\"https:\/\/tools.google.com\/dlpage\/gaoptout?hl=pl\">https:\/\/tools.google.com\/dlpage\/gaoptout?hl=pl.<\/a>  <\/p>\n<p>2) Google reCAPTCHA &#8211; un serviciu care face posibil\u0103 verificarea dac\u0103 datele de pe o pagin\u0103 (de exemplu, un formular) au fost introduse de un om sau de un automat dup\u0103 comportamentul unui utilizator. Analiza ruleaz\u0103 \u00een fundal \u00een mod automat atunci c\u00e2nd site-ul web este deschis, f\u0103r\u0103 informarea utilizatorului. Ca parte a analizei, mecanismul ia \u00een considerare diverse tipuri de informa\u021bii (de exemplu, adresa IP, mi\u0219c\u0103rile mouse-ului, timpul petrecut pe site), iar datele colectate sunt trimise c\u0103tre Google. Mai multe informa\u021bii despre Google reCAPTCHA pot fi g\u0103site la adresa: <a href=\"https:\/\/www.google.com\/recaptcha\/intro\/v3.html\">https:\/\/www.google.com\/recaptcha\/intro\/v3.html.<\/a>   <\/p>\n<p>Mai multe informa\u021bii referitoare la politica de confiden\u021bialitate \u0219i colectarea datelor Google pot fi g\u0103site la adresa: <a href=\"https:\/\/policies.google.com\/privacy?hl=pl\">https:\/\/policies.google.com\/privacy?hl=pl.<\/a><\/p>\n<p><strong>VII. Modificarea politicii de confiden\u021bialitate <\/strong><strong>&nbsp;<\/strong><br \/>Aceast\u0103 Politic\u0103 de confiden\u021bialitate poate fi modificat\u0103 de Administrator prin publicarea unei noi versiuni pe Site.<br \/>Aceast\u0103 versiune a Politicii de confiden\u021bialitate este \u00een vigoare de la 25.05.2018.<\/p>\n<\/div><\/div><\/div><\/div><\/div>\n","protected":false},"excerpt":{"rendered":"","protected":false},"author":1,"featured_media":0,"parent":0,"menu_order":0,"comment_status":"closed","ping_status":"closed","template":"100-width.php","meta":{"_acf_changed":false,"footnotes":""},"class_list":["post-6946","page","type-page","status-publish","hentry"],"acf":[],"yoast_head":"<!-- This site is optimized with the Yoast SEO plugin v27.3 - https:\/\/yoast.com\/product\/yoast-seo-wordpress\/ -->\n<title>Politica de confiden\u021bialitate - FLO<\/title>\n<meta name=\"robots\" content=\"index, follow, max-snippet:-1, max-image-preview:large, max-video-preview:-1\" \/>\n<link rel=\"canonical\" href=\"https:\/\/flo.eu.com\/ro\/politica-de-confidentialitate\/\" \/>\n<meta property=\"og:locale\" content=\"ro_RO\" \/>\n<meta property=\"og:type\" content=\"article\" \/>\n<meta property=\"og:title\" content=\"Politica de confiden\u021bialitate - FLO\" \/>\n<meta property=\"og:url\" content=\"https:\/\/flo.eu.com\/ro\/politica-de-confidentialitate\/\" \/>\n<meta property=\"og:site_name\" content=\"FLO\" \/>\n<meta property=\"article:modified_time\" content=\"2025-04-22T08:23:31+00:00\" \/>\n<meta name=\"twitter:card\" content=\"summary_large_image\" \/>\n<meta name=\"twitter:label1\" content=\"Timp estimat pentru citire\" \/>\n\t<meta name=\"twitter:data1\" content=\"8 minute\" \/>\n<script type=\"application\/ld+json\" class=\"yoast-schema-graph\">{\"@context\":\"https:\\\/\\\/schema.org\",\"@graph\":[{\"@type\":\"WebPage\",\"@id\":\"https:\\\/\\\/flo.eu.com\\\/ro\\\/politica-de-confidentialitate\\\/\",\"url\":\"https:\\\/\\\/flo.eu.com\\\/ro\\\/politica-de-confidentialitate\\\/\",\"name\":\"Politica de confiden\u021bialitate - FLO\",\"isPartOf\":{\"@id\":\"https:\\\/\\\/flo.eu.com\\\/ro\\\/#website\"},\"datePublished\":\"2025-04-22T08:23:26+00:00\",\"dateModified\":\"2025-04-22T08:23:31+00:00\",\"breadcrumb\":{\"@id\":\"https:\\\/\\\/flo.eu.com\\\/ro\\\/politica-de-confidentialitate\\\/#breadcrumb\"},\"inLanguage\":\"ro-RO\",\"potentialAction\":[{\"@type\":\"ReadAction\",\"target\":[\"https:\\\/\\\/flo.eu.com\\\/ro\\\/politica-de-confidentialitate\\\/\"]}]},{\"@type\":\"BreadcrumbList\",\"@id\":\"https:\\\/\\\/flo.eu.com\\\/ro\\\/politica-de-confidentialitate\\\/#breadcrumb\",\"itemListElement\":[{\"@type\":\"ListItem\",\"position\":1,\"name\":\"Strona g\u0142\u00f3wna\",\"item\":\"https:\\\/\\\/flo.eu.com\\\/ro\\\/\"},{\"@type\":\"ListItem\",\"position\":2,\"name\":\"Politica de confiden\u021bialitate\"}]},{\"@type\":\"WebSite\",\"@id\":\"https:\\\/\\\/flo.eu.com\\\/ro\\\/#website\",\"url\":\"https:\\\/\\\/flo.eu.com\\\/ro\\\/\",\"name\":\"FLO\",\"description\":\"\",\"potentialAction\":[{\"@type\":\"SearchAction\",\"target\":{\"@type\":\"EntryPoint\",\"urlTemplate\":\"https:\\\/\\\/flo.eu.com\\\/ro\\\/?s={search_term_string}\"},\"query-input\":{\"@type\":\"PropertyValueSpecification\",\"valueRequired\":true,\"valueName\":\"search_term_string\"}}],\"inLanguage\":\"ro-RO\"}]}<\/script>\n<!-- \/ Yoast SEO plugin. -->","yoast_head_json":{"title":"Politica de confiden\u021bialitate - FLO","robots":{"index":"index","follow":"follow","max-snippet":"max-snippet:-1","max-image-preview":"max-image-preview:large","max-video-preview":"max-video-preview:-1"},"canonical":"https:\/\/flo.eu.com\/ro\/politica-de-confidentialitate\/","og_locale":"ro_RO","og_type":"article","og_title":"Politica de confiden\u021bialitate - FLO","og_url":"https:\/\/flo.eu.com\/ro\/politica-de-confidentialitate\/","og_site_name":"FLO","article_modified_time":"2025-04-22T08:23:31+00:00","twitter_card":"summary_large_image","twitter_misc":{"Timp estimat pentru citire":"8 minute"},"schema":{"@context":"https:\/\/schema.org","@graph":[{"@type":"WebPage","@id":"https:\/\/flo.eu.com\/ro\/politica-de-confidentialitate\/","url":"https:\/\/flo.eu.com\/ro\/politica-de-confidentialitate\/","name":"Politica de confiden\u021bialitate - FLO","isPartOf":{"@id":"https:\/\/flo.eu.com\/ro\/#website"},"datePublished":"2025-04-22T08:23:26+00:00","dateModified":"2025-04-22T08:23:31+00:00","breadcrumb":{"@id":"https:\/\/flo.eu.com\/ro\/politica-de-confidentialitate\/#breadcrumb"},"inLanguage":"ro-RO","potentialAction":[{"@type":"ReadAction","target":["https:\/\/flo.eu.com\/ro\/politica-de-confidentialitate\/"]}]},{"@type":"BreadcrumbList","@id":"https:\/\/flo.eu.com\/ro\/politica-de-confidentialitate\/#breadcrumb","itemListElement":[{"@type":"ListItem","position":1,"name":"Strona g\u0142\u00f3wna","item":"https:\/\/flo.eu.com\/ro\/"},{"@type":"ListItem","position":2,"name":"Politica de confiden\u021bialitate"}]},{"@type":"WebSite","@id":"https:\/\/flo.eu.com\/ro\/#website","url":"https:\/\/flo.eu.com\/ro\/","name":"FLO","description":"","potentialAction":[{"@type":"SearchAction","target":{"@type":"EntryPoint","urlTemplate":"https:\/\/flo.eu.com\/ro\/?s={search_term_string}"},"query-input":{"@type":"PropertyValueSpecification","valueRequired":true,"valueName":"search_term_string"}}],"inLanguage":"ro-RO"}]}},"_links":{"self":[{"href":"https:\/\/flo.eu.com\/ro\/wp-json\/wp\/v2\/pages\/6946","targetHints":{"allow":["GET"]}}],"collection":[{"href":"https:\/\/flo.eu.com\/ro\/wp-json\/wp\/v2\/pages"}],"about":[{"href":"https:\/\/flo.eu.com\/ro\/wp-json\/wp\/v2\/types\/page"}],"author":[{"embeddable":true,"href":"https:\/\/flo.eu.com\/ro\/wp-json\/wp\/v2\/users\/1"}],"replies":[{"embeddable":true,"href":"https:\/\/flo.eu.com\/ro\/wp-json\/wp\/v2\/comments?post=6946"}],"version-history":[{"count":2,"href":"https:\/\/flo.eu.com\/ro\/wp-json\/wp\/v2\/pages\/6946\/revisions"}],"predecessor-version":[{"id":6948,"href":"https:\/\/flo.eu.com\/ro\/wp-json\/wp\/v2\/pages\/6946\/revisions\/6948"}],"wp:attachment":[{"href":"https:\/\/flo.eu.com\/ro\/wp-json\/wp\/v2\/media?parent=6946"}],"curies":[{"name":"wp","href":"https:\/\/api.w.org\/{rel}","templated":true}]}}