{"id":6770,"date":"2025-04-18T10:46:53","date_gmt":"2025-04-18T08:46:53","guid":{"rendered":"https:\/\/flo.eu.com\/despre-noi\/"},"modified":"2025-04-22T11:37:26","modified_gmt":"2025-04-22T09:37:26","slug":"despre-noi","status":"publish","type":"page","link":"https:\/\/flo.eu.com\/ro\/despre-noi\/","title":{"rendered":"DESPRE NOI"},"content":{"rendered":"<p><div class=\"fusion-fullwidth fullwidth-box fusion-builder-row-1 fusion-flex-container has-pattern-background has-mask-background fusion-parallax-none hundred-percent-fullwidth non-hundred-percent-height-scrolling lazyload\" style=\"--awb-border-radius-top-left:0px;--awb-border-radius-top-right:0px;--awb-border-radius-bottom-right:0px;--awb-border-radius-bottom-left:0px;--awb-padding-top:0px;--awb-padding-right:0px;--awb-padding-bottom:0px;--awb-padding-left:0%;--awb-margin-top:0px;--awb-margin-bottom:0px;--awb-background-size:cover;--awb-flex-wrap:wrap;\" data-bg=\"https:\/\/flo.eu.com\/wp-content\/uploads\/2018\/11\/product-bg-big-rev.jpg\" ><div class=\"fusion-builder-row fusion-row fusion-flex-align-items-flex-start fusion-flex-content-wrap\" style=\"width:104% !important;max-width:104% !important;margin-left: calc(-4% \/ 2 );margin-right: calc(-4% \/ 2 );\"><div class=\"fusion-layout-column fusion_builder_column fusion-builder-column-0 fusion_builder_column_1_3 1_3 fusion-flex-column\" style=\"--awb-bg-blend:overlay;--awb-bg-size:cover;--awb-bg-size-medium:cover;--awb-bg-size-small:cover;--awb-width-large:33.333333333333%;--awb-margin-top-large:0px;--awb-spacing-right-large:0px;--awb-margin-bottom-large:0px;--awb-spacing-left-large:0px;--awb-width-medium:100%;--awb-order-medium:2;--awb-spacing-right-medium:1.92%;--awb-spacing-left-medium:1.92%;--awb-width-small:100%;--awb-order-small:2;--awb-spacing-right-small:1.92%;--awb-spacing-left-small:1.92%;\" data-scroll-devices=\"small-visibility,medium-visibility,large-visibility\"><div class=\"fusion-column-wrapper lazyload fusion-column-has-shadow fusion-flex-justify-content-flex-start fusion-content-layout-column fusion-empty-column-bg-image fusion-column-has-bg-image\" data-bg-url=\"https:\/\/flo.eu.com\/wp-content\/uploads\/2025\/02\/PCC-grafika-sama.jpg\" data-bg=\"https:\/\/flo.eu.com\/wp-content\/uploads\/2025\/02\/PCC-grafika-sama.jpg\"><img decoding=\"async\" class=\"fusion-empty-dims-img-placeholder\" aria-label=\"PCC grafika sama\" src=\"data:image\/svg+xml,%3Csvg%20xmlns%3D%27http%3A%2F%2Fwww.w3.org%2F2000%2Fsvg%27%20width%3D%27900%27%20height%3D%27905%27%20viewBox%3D%270%200%20900%20905%27%3E%3Crect%20width%3D%27900%27%20height%3D%27905%27%20fill-opacity%3D%220%22%2F%3E%3C%2Fsvg%3E\"><\/div><\/div><div class=\"fusion-layout-column fusion_builder_column fusion-builder-column-1 fusion_builder_column_2_3 2_3 fusion-flex-column fusion-flex-align-self-center\" style=\"--awb-bg-blend:overlay;--awb-bg-size:cover;--awb-width-large:66.666666666667%;--awb-margin-top-large:50px;--awb-spacing-right-large:30.24%;--awb-margin-bottom-large:20px;--awb-spacing-left-large:2.88%;--awb-width-medium:100%;--awb-order-medium:1;--awb-spacing-right-medium:9.6%;--awb-margin-bottom-medium:5%;--awb-spacing-left-medium:9.6%;--awb-width-small:100%;--awb-order-small:1;--awb-spacing-right-small:9.6%;--awb-spacing-left-small:9.6%;\" data-scroll-devices=\"small-visibility,medium-visibility,large-visibility\"><div class=\"fusion-column-wrapper fusion-column-has-shadow fusion-flex-justify-content-flex-start fusion-content-layout-column\"><div class=\"fusion-title title fusion-title-1 fusion-sep-none fusion-title-text fusion-title-size-one\" style=\"--awb-font-size:36px;\"><h1 class=\"fusion-title-heading title-heading-left\" style=\"margin:0;font-size:1em;\">DESPRE NOI<\/h1><\/div><div class=\"fusion-text fusion-text-1\"><p>La FLO, credem c\u0103 cur\u0103\u021benia \u00eenseamn\u0103 confort \u0219i siguran\u021b\u0103. Cu peste 27 de ani de experien\u021b\u0103 pe pia\u021ba produselor chimice de uz casnic, \u00een\u021belegem foarte bine nevoile clien\u021bilor no\u0219tri \u0219i ne asigur\u0103m c\u0103 fiecare produs FLO \u00eendepline\u0219te cele mai \u00eenalte standarde de calitate \u0219i siguran\u021b\u0103. <\/p>\n<p>Oferim o gam\u0103 larg\u0103 de detergen\u021bi de rufe \u0219i produse de cur\u0103\u021bare care func\u021bioneaz\u0103 chiar \u0219i \u00een cele mai dificile condi\u021bii. Utiliz\u0103m tehnologii inovatoare \u0219i formule dovedite care \u00eendep\u0103rteaz\u0103 murd\u0103ria, av\u00e2nd grij\u0103 \u00een acela\u0219i timp de suprafe\u021bele \u0219i materialele pe care sunt aplicate. <\/p>\n<\/div><\/div><\/div><\/div><\/div><div class=\"fusion-fullwidth fullwidth-box fusion-builder-row-2 fusion-flex-container has-pattern-background has-mask-background hundred-percent-fullwidth non-hundred-percent-height-scrolling\" style=\"--awb-border-radius-top-left:0px;--awb-border-radius-top-right:0px;--awb-border-radius-bottom-right:0px;--awb-border-radius-bottom-left:0px;--awb-padding-right:5%;--awb-padding-left:5%;--awb-margin-top:50px;--awb-background-color:#ffffff;--awb-flex-wrap:wrap;\" ><div class=\"fusion-builder-row fusion-row fusion-flex-align-items-flex-start fusion-flex-justify-content-center fusion-flex-content-wrap\" style=\"width:104% !important;max-width:104% !important;margin-left: calc(-4% \/ 2 );margin-right: calc(-4% \/ 2 );\"><div class=\"fusion-layout-column fusion_builder_column fusion-builder-column-2 fusion_builder_column_1_1 1_1 fusion-flex-column fusion-flex-align-self-flex-start\" style=\"--awb-bg-size:cover;--awb-width-large:100%;--awb-margin-top-large:50px;--awb-spacing-right-large:0%;--awb-margin-bottom-large:50px;--awb-spacing-left-large:0%;--awb-width-medium:100%;--awb-order-medium:0;--awb-spacing-right-medium:1.92%;--awb-spacing-left-medium:1.92%;--awb-width-small:100%;--awb-order-small:0;--awb-spacing-right-small:1.92%;--awb-spacing-left-small:1.92%;\"><div class=\"fusion-column-wrapper fusion-column-has-shadow fusion-flex-justify-content-flex-start fusion-content-layout-column\"><div class=\"fusion-title title fusion-title-2 fusion-sep-none fusion-title-text fusion-title-size-one\" style=\"--awb-font-size:30px;\"><h1 class=\"fusion-title-heading title-heading-left\" style=\"margin:0;font-size:1em;\"><p style=\"text-align: center;\">Valorile Noastre<\/p><\/h1><\/div><div class=\"fusion-separator fusion-full-width-sep\" style=\"align-self: center;margin-left: auto;margin-right: auto;margin-top:2%;width:100%;\"><\/div><div class=\"fusion-content-boxes content-boxes columns row fusion-columns-3 fusion-columns-total-3 fusion-content-boxes-1 content-boxes-icon-on-top content-left has-flex-alignment\" style=\"--awb-alignment:flex-start;--awb-hover-accent-color:#25336d;--awb-circle-hover-accent-color:#25336d;\" data-animationOffset=\"top-into-view\"><div style=\"--awb-backgroundcolor:rgba(255,255,255,0);\" class=\"fusion-column content-box-column content-box-column content-box-column-1 col-lg-4 col-md-4 col-sm-4 fusion-content-box-hover content-box-column-first-in-row\"><div class=\"col content-box-wrapper content-wrapper link-area-link-icon icon-hover-animation-fade\" data-animationOffset=\"top-into-view\"><div class=\"heading heading-with-icon icon-left\"><div aria-hidden=\"true\" class=\"image\"><img decoding=\"async\" class=\"lazyload\" src=\"data:image\/svg+xml,%3Csvg%20xmlns%3D%27http%3A%2F%2Fwww.w3.org%2F2000%2Fsvg%27%20width%3D%272362%27%20height%3D%272362%27%20viewBox%3D%270%200%202362%202362%27%3E%3Crect%20width%3D%272362%27%20height%3D%272362%27%20fill-opacity%3D%220%22%2F%3E%3C%2Fsvg%3E\" data-orig-src=\"https:\/\/flo.eu.com\/wp-content\/uploads\/2025\/02\/ikony2_bez-napisow-1-300x300.png\" width=\"150\" height=\"150\" alt=\"\" \/><\/div><h2 class=\"content-box-heading\" style=\"--h2_typography-font-size:12px;line-height:17px;\">Calitate \u0219i Eficacitate<\/h2><\/div><div class=\"fusion-clearfix\"><\/div><div class=\"content-container\">\n<p>Fiecare produs FLO este rezultatul dezvolt\u0103rii, test\u0103rii \u0219i perfec\u021bion\u0103rii atente. Formulele noastre sunt create nu numai pentru a func\u021biona eficient, ci \u0219i pentru a \u00eendeplini cele mai \u00eenalte standarde de calitate. <\/p>\n<\/div><\/div><\/div><div style=\"--awb-backgroundcolor:rgba(255,255,255,0);\" class=\"fusion-column content-box-column content-box-column content-box-column-2 col-lg-4 col-md-4 col-sm-4 fusion-content-box-hover \"><div class=\"col content-box-wrapper content-wrapper link-area-link-icon icon-hover-animation-fade\" data-animationOffset=\"top-into-view\"><div class=\"heading heading-with-icon icon-left\"><div aria-hidden=\"true\" class=\"image\"><img decoding=\"async\" class=\"lazyload\" src=\"data:image\/svg+xml,%3Csvg%20xmlns%3D%27http%3A%2F%2Fwww.w3.org%2F2000%2Fsvg%27%20width%3D%272362%27%20height%3D%272362%27%20viewBox%3D%270%200%202362%202362%27%3E%3Crect%20width%3D%272362%27%20height%3D%272362%27%20fill-opacity%3D%220%22%2F%3E%3C%2Fsvg%3E\" data-orig-src=\"https:\/\/flo.eu.com\/wp-content\/uploads\/2025\/02\/ikony2_bez-napisow-2-300x300.png\" width=\"150\" height=\"150\" alt=\"\" \/><\/div><h2 class=\"content-box-heading\" style=\"--h2_typography-font-size:12px;line-height:17px;\">Siguran\u021b\u0103 \u0219i Responsabilitate<\/h2><\/div><div class=\"fusion-clearfix\"><\/div><div class=\"content-container\">\n<p>Ne asigur\u0103m c\u0103 produsele noastre sunt ecologice \u0219i sigure de utilizat. \u0218tim, c\u0103 produsele de cur\u0103\u021benie influen\u021beaz\u0103 s\u0103n\u0103tatea \u0219i bun\u0103starea \u00eentregii familii, prin urmare, folosim numai ingrediente sigure, care s\u0103 nu v\u0103 d\u0103uneze vou\u0103 sau planetei. <\/p>\n<\/div><\/div><\/div><div style=\"--awb-backgroundcolor:rgba(255,255,255,0);\" class=\"fusion-column content-box-column content-box-column content-box-column-3 col-lg-4 col-md-4 col-sm-4 fusion-content-box-hover content-box-column-last content-box-column-last-in-row\"><div class=\"col content-box-wrapper content-wrapper link-area-link-icon icon-hover-animation-fade\" data-animationOffset=\"top-into-view\"><div class=\"heading heading-with-icon icon-left\"><div aria-hidden=\"true\" class=\"image\"><img decoding=\"async\" class=\"lazyload\" src=\"data:image\/svg+xml,%3Csvg%20xmlns%3D%27http%3A%2F%2Fwww.w3.org%2F2000%2Fsvg%27%20width%3D%272362%27%20height%3D%272362%27%20viewBox%3D%270%200%202362%202362%27%3E%3Crect%20width%3D%272362%27%20height%3D%272362%27%20fill-opacity%3D%220%22%2F%3E%3C%2Fsvg%3E\" data-orig-src=\"https:\/\/flo.eu.com\/wp-content\/uploads\/2025\/02\/ikony2_bez-napisow-3-300x300.png\" width=\"150\" height=\"150\" alt=\"\" \/><\/div><h2 class=\"content-box-heading\" style=\"--h2_typography-font-size:12px;line-height:17px;\">Inova\u021bie \u0219i Dezvoltare Continu\u0103<\/h2><\/div><div class=\"fusion-clearfix\"><\/div><div class=\"content-container\">\n<p>FLO este sinonim cu inova\u021bia \u00een industria produselor chimice de uz casnic. Urm\u0103rim \u00een permanen\u021b\u0103 tendin\u021bele \u0219i introducem solu\u021bii care r\u0103spund nevoilor \u00een schimbare ale pie\u021bei. Ne dezvolt\u0103m liniile de produse astfel \u00eenc\u00e2t s\u0103 pute\u021bi beneficia de produse de sp\u0103lare \u0219i cur\u0103\u021bare \u0219i mai bune.  <\/p>\n<\/div><\/div><\/div><div class=\"fusion-clearfix\"><\/div><\/div><\/div><\/div><\/div><\/div><div class=\"fusion-fullwidth fullwidth-box fusion-builder-row-3 fusion-flex-container hundred-percent-fullwidth non-hundred-percent-height-scrolling\" style=\"--awb-border-radius-top-left:0px;--awb-border-radius-top-right:0px;--awb-border-radius-bottom-right:0px;--awb-border-radius-bottom-left:0px;--awb-padding-top:0px;--awb-padding-right:60px;--awb-padding-bottom:60px;--awb-padding-left:60px;--awb-margin-bottom:40px;--awb-background-color:#ffffff;--awb-flex-wrap:wrap;\" ><div class=\"fusion-builder-row fusion-row fusion-flex-align-items-flex-start fusion-flex-content-wrap\" style=\"width:calc( 100% + 50px ) !important;max-width:calc( 100% + 50px ) !important;margin-left: calc(-50px \/ 2 );margin-right: calc(-50px \/ 2 );\"><div class=\"fusion-layout-column fusion_builder_column fusion-builder-column-3 fusion_builder_column_1_5 1_5 fusion-flex-column\" style=\"--awb-bg-size:cover;--awb-width-large:20%;--awb-margin-top-large:0px;--awb-spacing-right-large:25px;--awb-margin-bottom-large:20px;--awb-spacing-left-large:25px;--awb-width-medium:100%;--awb-order-medium:0;--awb-spacing-right-medium:25px;--awb-spacing-left-medium:25px;--awb-width-small:100%;--awb-order-small:0;--awb-spacing-right-small:25px;--awb-spacing-left-small:25px;\"><div class=\"fusion-column-wrapper fusion-column-has-shadow fusion-flex-justify-content-flex-start fusion-content-layout-column\"><\/div><\/div><div class=\"fusion-layout-column fusion_builder_column fusion-builder-column-4 fusion_builder_column_3_5 3_5 fusion-flex-column fusion-flex-align-self-stretch\" style=\"--awb-bg-color:var(--awb-color1);--awb-bg-color-hover:var(--awb-color1);--awb-bg-size:cover;--awb-box-shadow:2px 2px 2px 0px var(--awb-custom_color_14);;--awb-border-color:var(--awb-custom_color_14);--awb-border-top:1px;--awb-border-right:1px;--awb-border-bottom:1px;--awb-border-left:1px;--awb-border-style:solid;--awb-width-large:60%;--awb-margin-top-large:0px;--awb-spacing-right-large:25px;--awb-margin-bottom-large:0px;--awb-spacing-left-large:25px;--awb-width-medium:100%;--awb-order-medium:0;--awb-spacing-right-medium:25px;--awb-spacing-left-medium:25px;--awb-width-small:100%;--awb-order-small:0;--awb-spacing-right-small:25px;--awb-spacing-left-small:25px;\" data-scroll-devices=\"small-visibility,medium-visibility,large-visibility\"><div class=\"fusion-column-wrapper fusion-column-has-shadow fusion-flex-justify-content-flex-start fusion-content-layout-column\"><div class=\"fusion-builder-row fusion-builder-row-inner fusion-row fusion-flex-align-items-flex-start fusion-flex-content-wrap\" style=\"width:calc( 100% + 50px ) !important;max-width:calc( 100% + 50px ) !important;margin-left: calc(-50px \/ 2 );margin-right: calc(-50px \/ 2 );\"><div class=\"fusion-layout-column fusion_builder_column_inner fusion-builder-nested-column-0 fusion_builder_column_inner_1_2 1_2 fusion-flex-column fusion-flex-align-self-stretch\" style=\"--awb-padding-top:15%;--awb-padding-right:15%;--awb-padding-bottom:15%;--awb-padding-left:15%;--awb-padding-top-medium:20px;--awb-padding-right-medium:30.5625px;--awb-padding-bottom-medium:19px;--awb-padding-left-medium:30.5625px;--awb-padding-top-small:20px;--awb-padding-right-small:20.25px;--awb-padding-bottom-small:20px;--awb-padding-left-small:20.25px;--awb-bg-color:rgba(229,229,229,0.34);--awb-bg-color-hover:rgba(229,229,229,0.34);--awb-bg-size:cover;--awb-width-large:50%;--awb-margin-top-large:0px;--awb-spacing-right-large:0px;--awb-margin-bottom-large:0px;--awb-spacing-left-large:25px;--awb-width-medium:100%;--awb-order-medium:2;--awb-spacing-right-medium:25px;--awb-spacing-left-medium:25px;--awb-width-small:100%;--awb-order-small:1;--awb-spacing-right-small:25px;--awb-spacing-left-small:25px;\" data-scroll-devices=\"small-visibility,medium-visibility,large-visibility\"><div class=\"fusion-column-wrapper fusion-column-has-shadow fusion-flex-justify-content-flex-start fusion-content-layout-column\"><div class=\"fusion-title title fusion-title-3 fusion-sep-none fusion-title-center fusion-title-text fusion-title-size-four\" style=\"--awb-text-color:var(--awb-color7);--awb-margin-bottom:10px;--awb-margin-bottom-medium:10px;--awb-font-size:28px;\"><h4 class=\"fusion-title-heading title-heading-center\" style=\"margin:0;text-transform:var(--awb-typography1-text-transform);font-size:1em;line-height:1.2;\">Vede\u021bi catalogul de produse<\/h4><\/div><div class=\"fusion-separator fusion-full-width-sep\" style=\"align-self: center;margin-left: auto;margin-right: auto;flex-grow:1;margin-top:2%;width:100%;\"><\/div><div style=\"text-align:center;\"><a class=\"fusion-button button-flat fusion-button-default-size button-custom fusion-button-default button-1 fusion-button-span-no fusion-button-default-type\" style=\"--button_accent_color:#ffffff;--button_accent_hover_color:#ffffff;--button_border_hover_color:#ffffff;--button-border-radius-top-left:30px;--button-border-radius-top-right:30px;--button-border-radius-bottom-right:30px;--button-border-radius-bottom-left:30px;--button_gradient_top_color:var(--awb-color7);--button_gradient_bottom_color:var(--awb-color7);--button_gradient_top_color_hover:#25336d;--button_gradient_bottom_color_hover:#25336d;--button_text_transform:var(--awb-typography3-text-transform);--button_font_size:14px;--button_line_height:1.2;--button_padding-top:14px;--button_padding-right:24px;--button_padding-bottom:14px;--button_padding-left:24px;--button_typography-letter-spacing:0px;--button_typography-font-family:&quot;Inter&quot;;--button_typography-font-style:normal;--button_typography-font-weight:600;\" target=\"_self\" href=\"https:\/\/flo.eu.com\/ro\/produse\/\"><span class=\"fusion-button-text awb-button__text awb-button__text--default\">CATALOG<\/span><\/a><\/div><\/div><\/div><div class=\"fusion-layout-column fusion_builder_column_inner fusion-builder-nested-column-1 fusion_builder_column_inner_1_2 1_2 fusion-flex-column fusion-flex-align-self-center\" style=\"--awb-bg-color:#ffffff;--awb-bg-color-hover:#ffffff;--awb-bg-position:center center;--awb-bg-size:cover;--awb-width-large:50%;--awb-margin-top-large:0px;--awb-spacing-right-large:25px;--awb-margin-bottom-large:0px;--awb-spacing-left-large:0px;--awb-width-medium:100%;--awb-order-medium:1;--awb-spacing-right-medium:25px;--awb-spacing-left-medium:25px;--awb-width-small:100%;--awb-order-small:0;--awb-spacing-right-small:25px;--awb-spacing-left-small:25px;\"><div class=\"fusion-column-wrapper fusion-column-has-shadow fusion-flex-justify-content-flex-start fusion-content-layout-column\"><div class=\"fusion-image-element \" style=\"--awb-caption-title-font-family:var(--h2_typography-font-family);--awb-caption-title-font-weight:var(--h2_typography-font-weight);--awb-caption-title-font-style:var(--h2_typography-font-style);--awb-caption-title-size:var(--h2_typography-font-size);--awb-caption-title-transform:var(--h2_typography-text-transform);--awb-caption-title-line-height:var(--h2_typography-line-height);--awb-caption-title-letter-spacing:var(--h2_typography-letter-spacing);\"><span class=\" fusion-imageframe imageframe-none imageframe-1 hover-type-none\"><img decoding=\"async\" width=\"1892\" height=\"733\" title=\"baner flo (1)\" src=\"https:\/\/flo.eu.com\/wp-content\/uploads\/2024\/10\/baner-flo-1.png\" data-orig-src=\"https:\/\/flo.eu.com\/wp-content\/uploads\/2024\/10\/baner-flo-1.png\" alt class=\"lazyload img-responsive wp-image-5765\" srcset=\"data:image\/svg+xml,%3Csvg%20xmlns%3D%27http%3A%2F%2Fwww.w3.org%2F2000%2Fsvg%27%20width%3D%271892%27%20height%3D%27733%27%20viewBox%3D%270%200%201892%20733%27%3E%3Crect%20width%3D%271892%27%20height%3D%27733%27%20fill-opacity%3D%220%22%2F%3E%3C%2Fsvg%3E\" data-srcset=\"https:\/\/flo.eu.com\/wp-content\/uploads\/2024\/10\/baner-flo-1-200x77.png 200w, https:\/\/flo.eu.com\/wp-content\/uploads\/2024\/10\/baner-flo-1-400x155.png 400w, https:\/\/flo.eu.com\/wp-content\/uploads\/2024\/10\/baner-flo-1-600x232.png 600w, https:\/\/flo.eu.com\/wp-content\/uploads\/2024\/10\/baner-flo-1-800x310.png 800w, https:\/\/flo.eu.com\/wp-content\/uploads\/2024\/10\/baner-flo-1-1200x465.png 1200w, https:\/\/flo.eu.com\/wp-content\/uploads\/2024\/10\/baner-flo-1.png 1892w\" data-sizes=\"auto\" data-orig-sizes=\"(max-width: 1024px) 100vw, (max-width: 640px) 100vw, 600px\" \/><\/span><\/div><\/div><\/div><\/div><\/div><\/div><div class=\"fusion-layout-column fusion_builder_column fusion-builder-column-5 fusion_builder_column_1_5 1_5 fusion-flex-column\" style=\"--awb-bg-size:cover;--awb-width-large:20%;--awb-margin-top-large:0px;--awb-spacing-right-large:25px;--awb-margin-bottom-large:20px;--awb-spacing-left-large:25px;--awb-width-medium:100%;--awb-order-medium:0;--awb-spacing-right-medium:25px;--awb-spacing-left-medium:25px;--awb-width-small:100%;--awb-order-small:0;--awb-spacing-right-small:25px;--awb-spacing-left-small:25px;\"><div class=\"fusion-column-wrapper fusion-column-has-shadow fusion-flex-justify-content-flex-start fusion-content-layout-column\"><\/div><\/div><\/div><\/div><\/p>\n","protected":false},"excerpt":{"rendered":"","protected":false},"author":5,"featured_media":0,"parent":0,"menu_order":0,"comment_status":"closed","ping_status":"closed","template":"100-width.php","meta":{"_acf_changed":false,"footnotes":""},"class_list":["post-6770","page","type-page","status-publish","hentry"],"acf":[],"yoast_head":"<!-- This site is optimized with the Yoast SEO plugin v27.3 - https:\/\/yoast.com\/product\/yoast-seo-wordpress\/ -->\n<title>DESPRE NOI - FLO<\/title>\n<meta name=\"robots\" content=\"index, follow, max-snippet:-1, max-image-preview:large, max-video-preview:-1\" \/>\n<link rel=\"canonical\" href=\"https:\/\/flo.eu.com\/ro\/despre-noi\/\" \/>\n<meta property=\"og:locale\" content=\"ro_RO\" \/>\n<meta property=\"og:type\" content=\"article\" \/>\n<meta property=\"og:title\" content=\"DESPRE NOI - FLO\" \/>\n<meta property=\"og:url\" content=\"https:\/\/flo.eu.com\/ro\/despre-noi\/\" \/>\n<meta property=\"og:site_name\" content=\"FLO\" \/>\n<meta property=\"article:modified_time\" content=\"2025-04-22T09:37:26+00:00\" \/>\n<meta name=\"twitter:card\" content=\"summary_large_image\" \/>\n<meta name=\"twitter:label1\" content=\"Timp estimat pentru citire\" \/>\n\t<meta name=\"twitter:data1\" content=\"19 minute\" \/>\n<script type=\"application\/ld+json\" class=\"yoast-schema-graph\">{\"@context\":\"https:\\\/\\\/schema.org\",\"@graph\":[{\"@type\":\"WebPage\",\"@id\":\"https:\\\/\\\/flo.eu.com\\\/ro\\\/despre-noi\\\/\",\"url\":\"https:\\\/\\\/flo.eu.com\\\/ro\\\/despre-noi\\\/\",\"name\":\"DESPRE NOI - FLO\",\"isPartOf\":{\"@id\":\"https:\\\/\\\/flo.eu.com\\\/ro\\\/#website\"},\"datePublished\":\"2025-04-18T08:46:53+00:00\",\"dateModified\":\"2025-04-22T09:37:26+00:00\",\"breadcrumb\":{\"@id\":\"https:\\\/\\\/flo.eu.com\\\/ro\\\/despre-noi\\\/#breadcrumb\"},\"inLanguage\":\"ro-RO\",\"potentialAction\":[{\"@type\":\"ReadAction\",\"target\":[\"https:\\\/\\\/flo.eu.com\\\/ro\\\/despre-noi\\\/\"]}]},{\"@type\":\"BreadcrumbList\",\"@id\":\"https:\\\/\\\/flo.eu.com\\\/ro\\\/despre-noi\\\/#breadcrumb\",\"itemListElement\":[{\"@type\":\"ListItem\",\"position\":1,\"name\":\"Strona g\u0142\u00f3wna\",\"item\":\"https:\\\/\\\/flo.eu.com\\\/ro\\\/\"},{\"@type\":\"ListItem\",\"position\":2,\"name\":\"DESPRE NOI\"}]},{\"@type\":\"WebSite\",\"@id\":\"https:\\\/\\\/flo.eu.com\\\/ro\\\/#website\",\"url\":\"https:\\\/\\\/flo.eu.com\\\/ro\\\/\",\"name\":\"FLO\",\"description\":\"\",\"potentialAction\":[{\"@type\":\"SearchAction\",\"target\":{\"@type\":\"EntryPoint\",\"urlTemplate\":\"https:\\\/\\\/flo.eu.com\\\/ro\\\/?s={search_term_string}\"},\"query-input\":{\"@type\":\"PropertyValueSpecification\",\"valueRequired\":true,\"valueName\":\"search_term_string\"}}],\"inLanguage\":\"ro-RO\"}]}<\/script>\n<!-- \/ Yoast SEO plugin. -->","yoast_head_json":{"title":"DESPRE NOI - FLO","robots":{"index":"index","follow":"follow","max-snippet":"max-snippet:-1","max-image-preview":"max-image-preview:large","max-video-preview":"max-video-preview:-1"},"canonical":"https:\/\/flo.eu.com\/ro\/despre-noi\/","og_locale":"ro_RO","og_type":"article","og_title":"DESPRE NOI - FLO","og_url":"https:\/\/flo.eu.com\/ro\/despre-noi\/","og_site_name":"FLO","article_modified_time":"2025-04-22T09:37:26+00:00","twitter_card":"summary_large_image","twitter_misc":{"Timp estimat pentru citire":"19 minute"},"schema":{"@context":"https:\/\/schema.org","@graph":[{"@type":"WebPage","@id":"https:\/\/flo.eu.com\/ro\/despre-noi\/","url":"https:\/\/flo.eu.com\/ro\/despre-noi\/","name":"DESPRE NOI - FLO","isPartOf":{"@id":"https:\/\/flo.eu.com\/ro\/#website"},"datePublished":"2025-04-18T08:46:53+00:00","dateModified":"2025-04-22T09:37:26+00:00","breadcrumb":{"@id":"https:\/\/flo.eu.com\/ro\/despre-noi\/#breadcrumb"},"inLanguage":"ro-RO","potentialAction":[{"@type":"ReadAction","target":["https:\/\/flo.eu.com\/ro\/despre-noi\/"]}]},{"@type":"BreadcrumbList","@id":"https:\/\/flo.eu.com\/ro\/despre-noi\/#breadcrumb","itemListElement":[{"@type":"ListItem","position":1,"name":"Strona g\u0142\u00f3wna","item":"https:\/\/flo.eu.com\/ro\/"},{"@type":"ListItem","position":2,"name":"DESPRE NOI"}]},{"@type":"WebSite","@id":"https:\/\/flo.eu.com\/ro\/#website","url":"https:\/\/flo.eu.com\/ro\/","name":"FLO","description":"","potentialAction":[{"@type":"SearchAction","target":{"@type":"EntryPoint","urlTemplate":"https:\/\/flo.eu.com\/ro\/?s={search_term_string}"},"query-input":{"@type":"PropertyValueSpecification","valueRequired":true,"valueName":"search_term_string"}}],"inLanguage":"ro-RO"}]}},"_links":{"self":[{"href":"https:\/\/flo.eu.com\/ro\/wp-json\/wp\/v2\/pages\/6770","targetHints":{"allow":["GET"]}}],"collection":[{"href":"https:\/\/flo.eu.com\/ro\/wp-json\/wp\/v2\/pages"}],"about":[{"href":"https:\/\/flo.eu.com\/ro\/wp-json\/wp\/v2\/types\/page"}],"author":[{"embeddable":true,"href":"https:\/\/flo.eu.com\/ro\/wp-json\/wp\/v2\/users\/5"}],"replies":[{"embeddable":true,"href":"https:\/\/flo.eu.com\/ro\/wp-json\/wp\/v2\/comments?post=6770"}],"version-history":[{"count":5,"href":"https:\/\/flo.eu.com\/ro\/wp-json\/wp\/v2\/pages\/6770\/revisions"}],"predecessor-version":[{"id":6963,"href":"https:\/\/flo.eu.com\/ro\/wp-json\/wp\/v2\/pages\/6770\/revisions\/6963"}],"wp:attachment":[{"href":"https:\/\/flo.eu.com\/ro\/wp-json\/wp\/v2\/media?parent=6770"}],"curies":[{"name":"wp","href":"https:\/\/api.w.org\/{rel}","templated":true}]}}